{"id":1784,"date":"2023-02-28T16:18:59","date_gmt":"2023-02-28T16:18:59","guid":{"rendered":"https:\/\/lalecherestaurant.com\/qr\/?page_id=1784"},"modified":"2024-10-27T01:29:10","modified_gmt":"2024-10-27T01:29:10","slug":"degustacion","status":"publish","type":"page","link":"https:\/\/lalecherestaurant.com\/qr\/degustacion\/","title":{"rendered":"Degustaci\u00f3n"},"content":{"rendered":"\t\t<div data-elementor-type=\"wp-page\" data-elementor-id=\"1784\" class=\"elementor elementor-1784\" data-elementor-post-type=\"page\">\n\t\t\t\t\t\t<section class=\"elementor-section elementor-top-section elementor-element elementor-element-ad995fe elementor-section-boxed elementor-section-height-default elementor-section-height-default\" data-id=\"ad995fe\" data-element_type=\"section\" data-e-type=\"section\" data-settings=\"{&quot;background_background&quot;:&quot;classic&quot;}\">\n\t\t\t\t\t\t<div class=\"elementor-container elementor-column-gap-default\">\n\t\t\t\t\t<div class=\"elementor-column elementor-col-100 elementor-top-column elementor-element elementor-element-1cdb683\" data-id=\"1cdb683\" data-element_type=\"column\" data-e-type=\"column\">\n\t\t\t<div class=\"elementor-widget-wrap elementor-element-populated\">\n\t\t\t\t\t\t<div class=\"elementor-element elementor-element-ad212c4 elementor-widget-divider--view-line elementor-widget elementor-widget-divider\" data-id=\"ad212c4\" data-element_type=\"widget\" data-e-type=\"widget\" data-widget_type=\"divider.default\">\n\t\t\t\t<div class=\"elementor-widget-container\">\n\t\t\t\t\t\t\t<div class=\"elementor-divider\">\n\t\t\t<span class=\"elementor-divider-separator\">\n\t\t\t\t\t\t<\/span>\n\t\t<\/div>\n\t\t\t\t\t\t<\/div>\n\t\t\t\t<\/div>\n\t\t\t\t<div class=\"elementor-element elementor-element-9ef9409 elementor-widget elementor-widget-heading\" data-id=\"9ef9409\" data-element_type=\"widget\" data-e-type=\"widget\" data-widget_type=\"heading.default\">\n\t\t\t\t<div class=\"elementor-widget-container\">\n\t\t\t\t\t<h3 class=\"elementor-heading-title elementor-size-default\">Men\u00fa degustaci\u00f3n: <br>\nSin maridaje $1,870 |\nCon maridaje $2,585 \n<\/h3>\t\t\t\t<\/div>\n\t\t\t\t<\/div>\n\t\t\t\t\t<\/div>\n\t\t<\/div>\n\t\t\t\t\t<\/div>\n\t\t<\/section>\n\t\t\t\t<section class=\"elementor-section elementor-top-section elementor-element elementor-element-852f97f elementor-section-boxed elementor-section-height-default elementor-section-height-default\" data-id=\"852f97f\" data-element_type=\"section\" data-e-type=\"section\" data-settings=\"{&quot;background_background&quot;:&quot;classic&quot;}\">\n\t\t\t\t\t\t<div class=\"elementor-container elementor-column-gap-default\">\n\t\t\t\t\t<div class=\"elementor-column elementor-col-100 elementor-top-column elementor-element elementor-element-30b0a66\" data-id=\"30b0a66\" data-element_type=\"column\" data-e-type=\"column\">\n\t\t\t<div class=\"elementor-widget-wrap elementor-element-populated\">\n\t\t\t\t\t\t<div class=\"elementor-element elementor-element-aee054b elementor-widget elementor-widget-narestaurant_unique_food_menu\" data-id=\"aee054b\" data-element_type=\"widget\" data-e-type=\"widget\" data-widget_type=\"narestaurant_unique_food_menu.default\">\n\t\t\t\t<div class=\"elementor-widget-container\">\n\t\t\t\t\t<div class=\"narep-food-menu-wrap food-menu-four\"><div class=\"narep-food-menu-item-wrap zoom-image hav-img\">\n\t\t\t\t\t\t\t\t\t\t\t              <div class=\"narep-food-menu-item\"><div class=\"narep-image narep-popup\"><a href=\"https:\/\/lalecherestaurant.com\/qr\/wp-content\/uploads\/2023\/03\/restaurant-en-vallarta-la-leche-menu-degustacion-platillo-04-min-scaled.jpg\"><img decoding=\"async\" src=\"https:\/\/lalecherestaurant.com\/qr\/wp-content\/uploads\/2023\/03\/restaurant-en-vallarta-la-leche-menu-degustacion-platillo-04-min-scaled.jpg\" alt=\"Q.M.T(Quiero Mi Tuna)\"><\/a><\/div><\/div><div class=\"narep-food-menu-info\"><h4 class=\"narep-food-menu-title\"><span class=\"food-title\">Q.M.T(Quiero Mi Tuna)<\/span><\/h4><p>At\u00fan marinado en vinagreta c\u00edtrica (.45gr) + pi\u00f1a asada + raspada + aceite + espinaca Baby \/ Tuna marinated in citric vinaigrette (.45gr) + roast pineapple + raspada + baby spinach<\/p><\/div>\n\t\t\t\t\t\t\t\t\t\t\t            <\/div><div class=\"narep-food-menu-item-wrap zoom-image hav-img\">\n\t\t\t\t\t\t\t\t\t\t\t              <div class=\"narep-food-menu-item\"><div class=\"narep-image narep-popup\"><a href=\"https:\/\/lalecherestaurant.com\/qr\/wp-content\/uploads\/2023\/03\/restaurant-en-vallarta-la-leche-menu-degustacion-platillo-02-min-scaled.jpg\"><img decoding=\"async\" src=\"https:\/\/lalecherestaurant.com\/qr\/wp-content\/uploads\/2023\/03\/restaurant-en-vallarta-la-leche-menu-degustacion-platillo-02-min-scaled.jpg\" alt=\"Ostiones\"><\/a><\/div><\/div><div class=\"narep-food-menu-info\"><h4 class=\"narep-food-menu-title\"><span class=\"food-title\">Ostiones<\/span><\/h4><p> Ostiones frescos (3 piezas) + vinagreta de cilantro + rasurado de echallot + lim\u00f3n \/  Oyster fresh (3 pieces) + coriander vinaigrette + echallot + lemon<\/p><\/div>\n\t\t\t\t\t\t\t\t\t\t\t            <\/div><div class=\"narep-food-menu-item-wrap zoom-image hav-img\">\n\t\t\t\t\t\t\t\t\t\t\t              <div class=\"narep-food-menu-item\"><div class=\"narep-image narep-popup\"><a href=\"https:\/\/lalecherestaurant.com\/qr\/wp-content\/uploads\/2023\/03\/restaurant-en-vallarta-la-leche-menu-degustacion-platillo-06-min-scaled.jpg\"><img decoding=\"async\" src=\"https:\/\/lalecherestaurant.com\/qr\/wp-content\/uploads\/2023\/03\/restaurant-en-vallarta-la-leche-menu-degustacion-platillo-06-min-scaled.jpg\" alt=\"Sopa de nada\"><\/a><\/div><\/div><div class=\"narep-food-menu-info\"><h4 class=\"narep-food-menu-title\"><span class=\"food-title\">Sopa de nada<\/span><\/h4><p>(.40ml)\u2026 Crema de verduras + aceite de chiles \/ (.40ml)... Veggie cream + chilli oil<\/p><\/div>\n\t\t\t\t\t\t\t\t\t\t\t            <\/div><\/div>\t\t\t\t<\/div>\n\t\t\t\t<\/div>\n\t\t\t\t\t<\/div>\n\t\t<\/div>\n\t\t\t\t\t<\/div>\n\t\t<\/section>\n\t\t\t\t<section class=\"elementor-section elementor-top-section elementor-element elementor-element-d55db7f elementor-section-boxed elementor-section-height-default elementor-section-height-default\" data-id=\"d55db7f\" data-element_type=\"section\" data-e-type=\"section\" data-settings=\"{&quot;background_background&quot;:&quot;classic&quot;}\">\n\t\t\t\t\t\t<div class=\"elementor-container elementor-column-gap-default\">\n\t\t\t\t\t<div class=\"elementor-column elementor-col-100 elementor-top-column elementor-element elementor-element-aa990c0\" data-id=\"aa990c0\" data-element_type=\"column\" data-e-type=\"column\">\n\t\t\t<div class=\"elementor-widget-wrap\">\n\t\t\t\t\t\t\t<\/div>\n\t\t<\/div>\n\t\t\t\t\t<\/div>\n\t\t<\/section>\n\t\t\t\t<section class=\"elementor-section elementor-top-section elementor-element elementor-element-aa6fae7 elementor-section-boxed elementor-section-height-default elementor-section-height-default\" data-id=\"aa6fae7\" data-element_type=\"section\" data-e-type=\"section\" data-settings=\"{&quot;background_background&quot;:&quot;classic&quot;}\">\n\t\t\t\t\t\t<div class=\"elementor-container elementor-column-gap-default\">\n\t\t\t\t\t<div class=\"elementor-column elementor-col-100 elementor-top-column elementor-element elementor-element-2663ab6\" data-id=\"2663ab6\" data-element_type=\"column\" data-e-type=\"column\">\n\t\t\t<div class=\"elementor-widget-wrap elementor-element-populated\">\n\t\t\t\t\t\t<div class=\"elementor-element elementor-element-7048de8 elementor-widget elementor-widget-narestaurant_unique_food_menu\" data-id=\"7048de8\" data-element_type=\"widget\" data-e-type=\"widget\" data-widget_type=\"narestaurant_unique_food_menu.default\">\n\t\t\t\t<div class=\"elementor-widget-container\">\n\t\t\t\t\t<div class=\"narep-food-menu-wrap food-menu-four\"><div class=\"narep-food-menu-item-wrap zoom-image hav-img\">\n\t\t\t\t\t\t\t\t\t\t\t              <div class=\"narep-food-menu-item\"><div class=\"narep-image narep-popup\"><a href=\"https:\/\/lalecherestaurant.com\/qr\/wp-content\/uploads\/2024\/10\/restaurante-la-leche-pescado-nuevos.jpg\"><img decoding=\"async\" src=\"https:\/\/lalecherestaurant.com\/qr\/wp-content\/uploads\/2024\/10\/restaurante-la-leche-pescado-nuevos.jpg\" alt=\"PESCA AL HORNO\"><\/a><\/div><\/div><div class=\"narep-food-menu-info\"><h4 class=\"narep-food-menu-title\"><span class=\"food-title\">PESCA AL HORNO<\/span><\/h4><p>PESCA DEL D\u00cdA (.060) RELLENO DE ESPINACA + PAPA MANTEQUILLA + SALSA MENIERE + ARROZ SALVAJE<\/p><\/div>\n\t\t\t\t\t\t\t\t\t\t\t            <\/div><div class=\"narep-food-menu-item-wrap zoom-image hav-img\">\n\t\t\t\t\t\t\t\t\t\t\t              <div class=\"narep-food-menu-item\"><div class=\"narep-image narep-popup\"><a href=\"https:\/\/lalecherestaurant.com\/qr\/wp-content\/uploads\/2024\/10\/restaurante-la-leche-short-rib.jpg\"><img decoding=\"async\" src=\"https:\/\/lalecherestaurant.com\/qr\/wp-content\/uploads\/2024\/10\/restaurante-la-leche-short-rib.jpg\" alt=\"SHORT RIB\"><\/a><\/div><\/div><div class=\"narep-food-menu-info\"><h4 class=\"narep-food-menu-title\"><span class=\"food-title\">SHORT RIB<\/span><\/h4><p>COSTILLA DE RES ESTOFADA (.060) EN TINTO EN HOJA DE PL\u00c1TANO + TORTILLA DE MA\u00cdZ + CILANTRO + CEBOLLA BLANCA<\/p><\/div>\n\t\t\t\t\t\t\t\t\t\t\t            <\/div><div class=\"narep-food-menu-item-wrap zoom-image hav-img\">\n\t\t\t\t\t\t\t\t\t\t\t              <div class=\"narep-food-menu-item\"><div class=\"narep-image narep-popup\"><a href=\"https:\/\/lalecherestaurant.com\/qr\/wp-content\/uploads\/2024\/10\/restaurante-la-leche-vallarta-nuevo-menu-pato.jpg\"><img decoding=\"async\" src=\"https:\/\/lalecherestaurant.com\/qr\/wp-content\/uploads\/2024\/10\/restaurante-la-leche-vallarta-nuevo-menu-pato.jpg\" alt=\"LA LECHE DUCK\"><\/a><\/div><\/div><div class=\"narep-food-menu-info\"><h4 class=\"narep-food-menu-title\"><span class=\"food-title\">LA LECHE DUCK<\/span><\/h4><p>Pato horneado(.060) + Salsa de naranja + Pepino + Betabel encurtido + Orzo<\/p><\/div>\n\t\t\t\t\t\t\t\t\t\t\t            <\/div><\/div>\t\t\t\t<\/div>\n\t\t\t\t<\/div>\n\t\t\t\t\t<\/div>\n\t\t<\/div>\n\t\t\t\t\t<\/div>\n\t\t<\/section>\n\t\t\t\t<section class=\"elementor-section elementor-top-section elementor-element elementor-element-e44c94d elementor-section-boxed elementor-section-height-default elementor-section-height-default\" data-id=\"e44c94d\" data-element_type=\"section\" data-e-type=\"section\" data-settings=\"{&quot;background_background&quot;:&quot;classic&quot;}\">\n\t\t\t\t\t\t<div class=\"elementor-container elementor-column-gap-default\">\n\t\t\t\t\t<div class=\"elementor-column elementor-col-100 elementor-top-column elementor-element elementor-element-a6723ac\" data-id=\"a6723ac\" data-element_type=\"column\" data-e-type=\"column\">\n\t\t\t<div class=\"elementor-widget-wrap\">\n\t\t\t\t\t\t\t<\/div>\n\t\t<\/div>\n\t\t\t\t\t<\/div>\n\t\t<\/section>\n\t\t\t\t<section class=\"elementor-section elementor-top-section elementor-element elementor-element-03bbbd9 elementor-section-boxed elementor-section-height-default elementor-section-height-default\" data-id=\"03bbbd9\" data-element_type=\"section\" data-e-type=\"section\" data-settings=\"{&quot;background_background&quot;:&quot;classic&quot;}\">\n\t\t\t\t\t\t<div class=\"elementor-container elementor-column-gap-default\">\n\t\t\t\t\t<div class=\"elementor-column elementor-col-100 elementor-top-column elementor-element elementor-element-3392feb\" data-id=\"3392feb\" data-element_type=\"column\" data-e-type=\"column\">\n\t\t\t<div class=\"elementor-widget-wrap elementor-element-populated\">\n\t\t\t\t\t\t<div class=\"elementor-element elementor-element-6d203bd elementor-widget elementor-widget-narestaurant_unique_food_menu\" data-id=\"6d203bd\" data-element_type=\"widget\" data-e-type=\"widget\" data-widget_type=\"narestaurant_unique_food_menu.default\">\n\t\t\t\t<div class=\"elementor-widget-container\">\n\t\t\t\t\t<div class=\"narep-food-menu-wrap food-menu-four\"><div class=\"narep-food-menu-item-wrap zoom-image hav-img\">\n\t\t\t\t\t\t\t\t\t\t\t              <div class=\"narep-food-menu-item\"><div class=\"narep-image narep-popup\"><a href=\"https:\/\/lalecherestaurant.com\/qr\/wp-content\/uploads\/2024\/10\/queso-de-queso-restaurante-la-leche.jpg\"><img decoding=\"async\" src=\"https:\/\/lalecherestaurant.com\/qr\/wp-content\/uploads\/2024\/10\/queso-de-queso-restaurante-la-leche.jpg\" alt=\"PASTEL DE QUESO Y QUESO\"><\/a><\/div><\/div><div class=\"narep-food-menu-info\"><h4 class=\"narep-food-menu-title\"><span class=\"food-title\">PASTEL DE QUESO Y QUESO<\/span><\/h4><p>ATE DE MEMBRILLO + CHEESE CAKE+ QUESO CHIHUAHUA + NUEZ + LATE HARVES<\/p><\/div>\n\t\t\t\t\t\t\t\t\t\t\t            <\/div><\/div>\t\t\t\t<\/div>\n\t\t\t\t<\/div>\n\t\t\t\t\t<\/div>\n\t\t<\/div>\n\t\t\t\t\t<\/div>\n\t\t<\/section>\n\t\t\t\t<section class=\"elementor-section elementor-top-section elementor-element elementor-element-f2983d4 elementor-section-boxed elementor-section-height-default elementor-section-height-default\" data-id=\"f2983d4\" data-element_type=\"section\" data-e-type=\"section\" data-settings=\"{&quot;background_background&quot;:&quot;classic&quot;}\">\n\t\t\t\t\t\t<div class=\"elementor-container elementor-column-gap-default\">\n\t\t\t\t\t<div class=\"elementor-column elementor-col-100 elementor-top-column elementor-element elementor-element-f58bbae\" data-id=\"f58bbae\" data-element_type=\"column\" data-e-type=\"column\">\n\t\t\t<div class=\"elementor-widget-wrap elementor-element-populated\">\n\t\t\t\t\t\t<div class=\"elementor-element elementor-element-230eb5e elementor-align-center elementor-widget elementor-widget-button\" data-id=\"230eb5e\" data-element_type=\"widget\" data-e-type=\"widget\" data-widget_type=\"button.default\">\n\t\t\t\t<div class=\"elementor-widget-container\">\n\t\t\t\t\t\t\t\t\t<div class=\"elementor-button-wrapper\">\n\t\t\t\t\t<a class=\"elementor-button elementor-button-link elementor-size-sm\" href=\"https:\/\/lalecherestaurant.com\/qr\">\n\t\t\t\t\t\t<span class=\"elementor-button-content-wrapper\">\n\t\t\t\t\t\t<span class=\"elementor-button-icon\">\n\t\t\t\t<i aria-hidden=\"true\" class=\"fas fa-backward\"><\/i>\t\t\t<\/span>\n\t\t\t\t\t\t\t\t\t<span class=\"elementor-button-text\">Regresar | Back<\/span>\n\t\t\t\t\t<\/span>\n\t\t\t\t\t<\/a>\n\t\t\t\t<\/div>\n\t\t\t\t\t\t\t\t<\/div>\n\t\t\t\t<\/div>\n\t\t\t\t<div class=\"elementor-element elementor-element-0e63959 elementor-widget elementor-widget-text-editor\" data-id=\"0e63959\" data-element_type=\"widget\" data-e-type=\"widget\" data-widget_type=\"text-editor.default\">\n\t\t\t\t<div class=\"elementor-widget-container\">\n\t\t\t\t\t\t\t\t\t<h6 style=\"text-align: center;\"><span style=\"color: #999999;\">Im\u00e1genes solo de referencia, las porciones son menores a las fotograf\u00edas. <\/span><\/h6><h6 style=\"text-align: center;\"><span style=\"color: #999999;\">Images for reference only. The portions are smaller than the photographs.<\/span><\/h6>\t\t\t\t\t\t\t\t<\/div>\n\t\t\t\t<\/div>\n\t\t\t\t\t<\/div>\n\t\t<\/div>\n\t\t\t\t\t<\/div>\n\t\t<\/section>\n\t\t\t\t<section class=\"elementor-section elementor-top-section elementor-element elementor-element-94b00c8 elementor-section-boxed elementor-section-height-default elementor-section-height-default\" data-id=\"94b00c8\" data-element_type=\"section\" data-e-type=\"section\" data-settings=\"{&quot;background_background&quot;:&quot;classic&quot;}\">\n\t\t\t\t\t\t<div class=\"elementor-container elementor-column-gap-default\">\n\t\t\t\t\t<div class=\"elementor-column elementor-col-100 elementor-top-column elementor-element elementor-element-9204ca4\" data-id=\"9204ca4\" data-element_type=\"column\" data-e-type=\"column\">\n\t\t\t<div class=\"elementor-widget-wrap elementor-element-populated\">\n\t\t\t\t\t\t<div class=\"elementor-element elementor-element-42fbf93 elementor-widget-divider--view-line elementor-widget elementor-widget-divider\" data-id=\"42fbf93\" data-element_type=\"widget\" data-e-type=\"widget\" data-widget_type=\"divider.default\">\n\t\t\t\t<div class=\"elementor-widget-container\">\n\t\t\t\t\t\t\t<div class=\"elementor-divider\">\n\t\t\t<span class=\"elementor-divider-separator\">\n\t\t\t\t\t\t<\/span>\n\t\t<\/div>\n\t\t\t\t\t\t<\/div>\n\t\t\t\t<\/div>\n\t\t\t\t\t<\/div>\n\t\t<\/div>\n\t\t\t\t\t<\/div>\n\t\t<\/section>\n\t\t\t\t<\/div>\n\t\t","protected":false},"excerpt":{"rendered":"<p>Men\u00fa degustaci\u00f3n: Sin maridaje $1,870 | Con maridaje $2,585 Q.M.T(Quiero Mi Tuna) At\u00fan marinado en vinagreta c\u00edtrica (.45gr) + pi\u00f1a asada + raspada + aceite + espinaca Baby \/ Tuna marinated in citric vinaigrette (.45gr) + roast pineapple + raspada + baby spinach Ostiones Ostiones frescos (3 piezas) + vinagreta de cilantro + rasurado de&hellip; <a class=\"more-link\" href=\"https:\/\/lalecherestaurant.com\/qr\/degustacion\/\">Seguir leyendo <span class=\"screen-reader-text\">Degustaci\u00f3n<\/span><\/a><\/p>\n","protected":false},"author":1,"featured_media":0,"parent":0,"menu_order":0,"comment_status":"closed","ping_status":"closed","template":"elementor_canvas","meta":{"_acf_changed":false,"footnotes":""},"class_list":["post-1784","page","type-page","status-publish","hentry","entry"],"acf":[],"_links":{"self":[{"href":"https:\/\/lalecherestaurant.com\/qr\/wp-json\/wp\/v2\/pages\/1784","targetHints":{"allow":["GET"]}}],"collection":[{"href":"https:\/\/lalecherestaurant.com\/qr\/wp-json\/wp\/v2\/pages"}],"about":[{"href":"https:\/\/lalecherestaurant.com\/qr\/wp-json\/wp\/v2\/types\/page"}],"author":[{"embeddable":true,"href":"https:\/\/lalecherestaurant.com\/qr\/wp-json\/wp\/v2\/users\/1"}],"replies":[{"embeddable":true,"href":"https:\/\/lalecherestaurant.com\/qr\/wp-json\/wp\/v2\/comments?post=1784"}],"version-history":[{"count":34,"href":"https:\/\/lalecherestaurant.com\/qr\/wp-json\/wp\/v2\/pages\/1784\/revisions"}],"predecessor-version":[{"id":3245,"href":"https:\/\/lalecherestaurant.com\/qr\/wp-json\/wp\/v2\/pages\/1784\/revisions\/3245"}],"wp:attachment":[{"href":"https:\/\/lalecherestaurant.com\/qr\/wp-json\/wp\/v2\/media?parent=1784"}],"curies":[{"name":"wp","href":"https:\/\/api.w.org\/{rel}","templated":true}]}}