{"id":2261,"date":"2023-08-28T22:20:01","date_gmt":"2023-08-28T22:20:01","guid":{"rendered":"https:\/\/lalecherestaurant.com\/qr\/?page_id=2261"},"modified":"2023-09-22T21:50:36","modified_gmt":"2023-09-22T21:50:36","slug":"menu-solteros","status":"publish","type":"page","link":"https:\/\/lalecherestaurant.com\/qr\/menu-solteros\/","title":{"rendered":"Men\u00fa Solteros"},"content":{"rendered":"\t\t<div data-elementor-type=\"wp-page\" data-elementor-id=\"2261\" class=\"elementor elementor-2261\" data-elementor-post-type=\"page\">\n\t\t\t\t\t\t<section class=\"elementor-section elementor-top-section elementor-element elementor-element-d4df8ce elementor-hidden-desktop elementor-hidden-tablet elementor-hidden-mobile elementor-section-boxed elementor-section-height-default elementor-section-height-default\" data-id=\"d4df8ce\" data-element_type=\"section\" data-e-type=\"section\">\n\t\t\t\t\t\t<div class=\"elementor-container elementor-column-gap-default\">\n\t\t\t\t\t<div class=\"elementor-column elementor-col-100 elementor-top-column elementor-element elementor-element-ae09f84\" data-id=\"ae09f84\" data-element_type=\"column\" data-e-type=\"column\">\n\t\t\t<div class=\"elementor-widget-wrap elementor-element-populated\">\n\t\t\t\t\t\t<div class=\"elementor-element elementor-element-b3b1046 elementor-widget elementor-widget-html\" data-id=\"b3b1046\" data-element_type=\"widget\" data-e-type=\"widget\" data-widget_type=\"html.default\">\n\t\t\t\t<div class=\"elementor-widget-container\">\n\t\t\t\t\t<div class=\"_df_book df-lite\" id=\"df_2259\"  _slug=\"menu-de-solteros\" data-title=\"menu-de-solteros\" wpoptions=\"true\" thumbtype=\"\" ><\/div><script class=\"df-shortcode-script\" nowprocket type=\"application\/javascript\">window.option_df_2259 = {\"outline\":[],\"autoEnableOutline\":\"false\",\"autoEnableThumbnail\":\"false\",\"overwritePDFOutline\":\"false\",\"direction\":\"1\",\"pageSize\":\"0\",\"source\":\"https:\\\/\\\/lalecherestaurant.com\\\/qr\\\/wp-content\\\/uploads\\\/2023\\\/08\\\/Menu-solteros_LL_070723.pdf\",\"wpOptions\":\"true\"}; if(window.DFLIP && window.DFLIP.parseBooks){window.DFLIP.parseBooks();}<\/script>\t\t\t\t<\/div>\n\t\t\t\t<\/div>\n\t\t\t\t\t<\/div>\n\t\t<\/div>\n\t\t\t\t\t<\/div>\n\t\t<\/section>\n\t\t\t\t<section class=\"elementor-section elementor-top-section elementor-element elementor-element-8d0434c elementor-section-full_width elementor-section-stretched elementor-section-height-default elementor-section-height-default\" data-id=\"8d0434c\" data-element_type=\"section\" data-e-type=\"section\" data-settings=\"{&quot;stretch_section&quot;:&quot;section-stretched&quot;}\">\n\t\t\t\t\t\t<div class=\"elementor-container elementor-column-gap-default\">\n\t\t\t\t\t<div class=\"elementor-column elementor-col-100 elementor-top-column elementor-element elementor-element-5791e7e\" data-id=\"5791e7e\" data-element_type=\"column\" data-e-type=\"column\">\n\t\t\t<div class=\"elementor-widget-wrap elementor-element-populated\">\n\t\t\t\t\t\t<div class=\"elementor-element elementor-element-9aeb769 elementor-widget elementor-widget-image\" data-id=\"9aeb769\" data-element_type=\"widget\" data-e-type=\"widget\" data-widget_type=\"image.default\">\n\t\t\t\t<div class=\"elementor-widget-container\">\n\t\t\t\t\t\t\t\t\t\t\t\t\t\t\t<img fetchpriority=\"high\" decoding=\"async\" width=\"750\" height=\"422\" src=\"https:\/\/lalecherestaurant.com\/qr\/wp-content\/uploads\/2023\/02\/slide-la-leche-01-1024x576.jpg\" class=\"attachment-large size-large wp-image-1798\" alt=\"\" srcset=\"https:\/\/lalecherestaurant.com\/qr\/wp-content\/uploads\/2023\/02\/slide-la-leche-01-1024x576.jpg 1024w, https:\/\/lalecherestaurant.com\/qr\/wp-content\/uploads\/2023\/02\/slide-la-leche-01-300x169.jpg 300w, https:\/\/lalecherestaurant.com\/qr\/wp-content\/uploads\/2023\/02\/slide-la-leche-01-768x432.jpg 768w, https:\/\/lalecherestaurant.com\/qr\/wp-content\/uploads\/2023\/02\/slide-la-leche-01-1536x864.jpg 1536w, https:\/\/lalecherestaurant.com\/qr\/wp-content\/uploads\/2023\/02\/slide-la-leche-01-1568x882.jpg 1568w, https:\/\/lalecherestaurant.com\/qr\/wp-content\/uploads\/2023\/02\/slide-la-leche-01.jpg 1920w\" sizes=\"(max-width: 750px) 100vw, 750px\" style=\"width:100%;height:56.25%;max-width:1920px\" \/>\t\t\t\t\t\t\t\t\t\t\t\t\t\t\t<\/div>\n\t\t\t\t<\/div>\n\t\t\t\t\t<\/div>\n\t\t<\/div>\n\t\t\t\t\t<\/div>\n\t\t<\/section>\n\t\t\t\t<section class=\"elementor-section elementor-top-section elementor-element elementor-element-34631eb elementor-section-boxed elementor-section-height-default elementor-section-height-default\" data-id=\"34631eb\" data-element_type=\"section\" data-e-type=\"section\">\n\t\t\t\t\t\t<div class=\"elementor-container elementor-column-gap-default\">\n\t\t\t\t\t<div class=\"elementor-column elementor-col-100 elementor-top-column elementor-element elementor-element-3c16db0\" data-id=\"3c16db0\" data-element_type=\"column\" data-e-type=\"column\">\n\t\t\t<div class=\"elementor-widget-wrap elementor-element-populated\">\n\t\t\t\t\t\t<div class=\"elementor-element elementor-element-8fbe977 elementor-widget elementor-widget-heading\" data-id=\"8fbe977\" data-element_type=\"widget\" data-e-type=\"widget\" data-widget_type=\"heading.default\">\n\t\t\t\t<div class=\"elementor-widget-container\">\n\t\t\t\t\t<h4 class=\"elementor-heading-title elementor-size-default\">MEN\u00da DESPEDIDAS\nDE SOLTERAS<\/h4>\t\t\t\t<\/div>\n\t\t\t\t<\/div>\n\t\t\t\t\t<\/div>\n\t\t<\/div>\n\t\t\t\t\t<\/div>\n\t\t<\/section>\n\t\t\t\t<section class=\"elementor-section elementor-top-section elementor-element elementor-element-7faf5de elementor-section-boxed elementor-section-height-default elementor-section-height-default\" data-id=\"7faf5de\" data-element_type=\"section\" data-e-type=\"section\">\n\t\t\t\t\t\t<div class=\"elementor-container elementor-column-gap-default\">\n\t\t\t\t\t<div class=\"elementor-column elementor-col-100 elementor-top-column elementor-element elementor-element-1573c6b\" data-id=\"1573c6b\" data-element_type=\"column\" data-e-type=\"column\">\n\t\t\t<div class=\"elementor-widget-wrap elementor-element-populated\">\n\t\t\t\t\t\t<div class=\"elementor-element elementor-element-f619302 elementor-tabs-view-horizontal elementor-widget elementor-widget-tabs\" data-id=\"f619302\" data-element_type=\"widget\" data-e-type=\"widget\" data-widget_type=\"tabs.default\">\n\t\t\t\t<div class=\"elementor-widget-container\">\n\t\t\t\t\t\t\t<div class=\"elementor-tabs\">\n\t\t\t<div class=\"elementor-tabs-wrapper\" role=\"tablist\" >\n\t\t\t\t\t\t\t\t\t<div id=\"elementor-tab-title-2581\" class=\"elementor-tab-title elementor-tab-desktop-title\" aria-selected=\"true\" data-tab=\"1\" role=\"tab\" tabindex=\"0\" aria-controls=\"elementor-tab-content-2581\" aria-expanded=\"false\">SINGLE LADIES ONE<\/div>\n\t\t\t\t\t\t\t\t\t<div id=\"elementor-tab-title-2582\" class=\"elementor-tab-title elementor-tab-desktop-title\" aria-selected=\"false\" data-tab=\"2\" role=\"tab\" tabindex=\"-1\" aria-controls=\"elementor-tab-content-2582\" aria-expanded=\"false\">SINGLE LADIES TWO<\/div>\n\t\t\t\t\t\t\t<\/div>\n\t\t\t<div class=\"elementor-tabs-content-wrapper\" role=\"tablist\" aria-orientation=\"vertical\">\n\t\t\t\t\t\t\t\t\t<div class=\"elementor-tab-title elementor-tab-mobile-title\" aria-selected=\"true\" data-tab=\"1\" role=\"tab\" tabindex=\"0\" aria-controls=\"elementor-tab-content-2581\" aria-expanded=\"false\">SINGLE LADIES ONE<\/div>\n\t\t\t\t\t<div id=\"elementor-tab-content-2581\" class=\"elementor-tab-content elementor-clearfix\" data-tab=\"1\" role=\"tabpanel\" aria-labelledby=\"elementor-tab-title-2581\" tabindex=\"0\" hidden=\"false\"><p style=\"text-align: center;\"><strong>PARA EMPEZAR\u2026<\/strong><br \/>TODAY SALAD<br \/>(Lechuga hidrop\u00f3nica (100 gr) +<br \/>vinagreta de mango+ espinacas+<br \/>fresa + nuez caramelo+ capri)<br \/>SOPA DE NADA\u2026 TACITA<br \/>(Sopa de vegetales (40 ml) cocinados<br \/>al vino blanco + aceite de chiles)<\/p><p style=\"text-align: center;\"><br \/><strong>PLATO FUERTE\u2026<\/strong><br \/>LA PESQUERIA<br \/>(Pescado fresco (180 gr.)<br \/>cocinado en mantequilla +<br \/>ch\u00edcharo chino + lim\u00f3n asado)<br \/>O<br \/>FETUCCINI &amp; ALMEJAS<br \/>(Pasta larga (170 gr) almejas<br \/>(150 gr) a la mantequilla +<br \/>perejil + ralladura de lim\u00f3n<br \/>amarillo)<\/p><p style=\"text-align: center;\"><br \/><strong>LO DULCE\u2026<\/strong><br \/>3 LECHES DE MANGO<br \/>(Bizcocho de vainilla (70gr) +<br \/>compota de mango + crema de<br \/>vainilla)<\/p><p style=\"text-align: center;\"><strong>MOCTEL DE BIENVENIDA &#8220;ARRECIFE&#8221;<\/strong><\/p><p>\u00a0<\/p><p style=\"text-align: center;\"><strong>PRECIO $850.00 <\/strong><\/p><p style=\"text-align: center;\"><strong>pesos por persona<\/strong><\/p><p style=\"text-align: center;\"><strong>No incluye bebidas ni propina<\/strong><\/p><\/div>\n\t\t\t\t\t\t\t\t\t<div class=\"elementor-tab-title elementor-tab-mobile-title\" aria-selected=\"false\" data-tab=\"2\" role=\"tab\" tabindex=\"-1\" aria-controls=\"elementor-tab-content-2582\" aria-expanded=\"false\">SINGLE LADIES TWO<\/div>\n\t\t\t\t\t<div id=\"elementor-tab-content-2582\" class=\"elementor-tab-content elementor-clearfix\" data-tab=\"2\" role=\"tabpanel\" aria-labelledby=\"elementor-tab-title-2582\" tabindex=\"0\" hidden=\"hidden\"><p style=\"text-align: center;\"><strong>PARA EMPEZAR\u2026<\/strong><br \/>VERDE ESMERALDA<br \/>(Ejotes (100 gr) + vinagreta de<br \/>mostaza + pistaches + parmesano +<br \/>ralladura de lim\u00f3n+ flores)<br \/>O<br \/>QMT<br \/>(Pescado fresco (70 gr) + vinagreta<br \/>c\u00edtrica + emulsi\u00f3n de aguacate +<br \/>tostada raspada+ cilantro criollo)<br \/>SOPA DE NADA\u2026 TACITA<br \/>(Sopa de vegetales (40 ml) cocinados<br \/>al vino blanco + aceite de chiles)<\/p><p style=\"text-align: center;\"><br \/><strong>PLATO FUERTE\u2026<\/strong><br \/>LA PESQUERIA<br \/>(Pescado fresco (180 gr) cocinado en<br \/>mantequilla + ch\u00edcharo chino + lim\u00f3n<br \/>asado)<br \/>O<br \/>FETUCCINI &amp; ALMEJAS<br \/>(Pasta larga (170 gr) almejas (150 gr)<br \/>a la mantequilla + perejil + ralladura<br \/>de lim\u00f3n amarillo)<br \/>O<br \/>CHAMORRO \u00a1FIU FIU!<br \/>(Chamorro (200gr) estofado en vino<br \/>blanco + laca de miel + salsa de<br \/>tomate y chile morita + zanahoria<br \/>baby + coliflor + papa cambray)<\/p><p style=\"text-align: center;\"><br \/><strong>LO DULCE\u2026<\/strong><br \/>3 LECHES DE MANGO<br \/>(Bizcocho de vainilla (70 gr) +<br \/>compota de mango + crema de<br \/>vainilla)<br \/>O<br \/>CHEESE CAKE (70gr)<br \/>(Salsa de caramelo + cacahuate<br \/>+ semilla de calabaza<br \/>caramelizada + agar agar de<br \/>cajeta)<\/p><p style=\"text-align: center;\"><strong>MOCTEL DE BIENVENIDA &#8220;TEA ARANCIA&#8221;<\/strong><\/p><p>\u00a0<\/p><p style=\"text-align: center;\"><strong>PRECIO $1,100.00 <\/strong><\/p><p style=\"text-align: center;\"><strong>pesos por persona<\/strong><\/p><p style=\"text-align: center;\"><strong>No incluye bebidas ni propina<\/strong><\/p><\/div>\n\t\t\t\t\t\t\t<\/div>\n\t\t<\/div>\n\t\t\t\t\t\t<\/div>\n\t\t\t\t<\/div>\n\t\t\t\t\t<\/div>\n\t\t<\/div>\n\t\t\t\t\t<\/div>\n\t\t<\/section>\n\t\t\t\t<section class=\"elementor-section elementor-top-section elementor-element elementor-element-f8cfed4 elementor-section-full_width elementor-section-stretched elementor-section-height-default elementor-section-height-default\" data-id=\"f8cfed4\" data-element_type=\"section\" data-e-type=\"section\" data-settings=\"{&quot;stretch_section&quot;:&quot;section-stretched&quot;}\">\n\t\t\t\t\t\t<div class=\"elementor-container elementor-column-gap-default\">\n\t\t\t\t\t<div class=\"elementor-column elementor-col-100 elementor-top-column elementor-element elementor-element-4892252\" data-id=\"4892252\" data-element_type=\"column\" data-e-type=\"column\">\n\t\t\t<div class=\"elementor-widget-wrap elementor-element-populated\">\n\t\t\t\t\t\t<div class=\"elementor-element elementor-element-15bb3f3 elementor-widget elementor-widget-text-editor\" data-id=\"15bb3f3\" data-element_type=\"widget\" data-e-type=\"widget\" data-widget_type=\"text-editor.default\">\n\t\t\t\t<div class=\"elementor-widget-container\">\n\t\t\t\t\t\t\t\t\t<p>* M\u00fasica en vivo (fines de semana)<br>* Dj en vivo<br>* Bola disco<br>* Entrega de playera y velo para la<br>Novia,<br>* Entrega de playera para el Novio<br>* Shot de cortes\u00eda y bengalas, para toda<br>la mesa<br>* Sesi\u00f3n de fotos de 20 minutos (con<br>programaci\u00f3n anticipada)<br>POL\u00cdTICA DE RESERVACI\u00d3N:<br>La reserva debe ser anticipada,<\/p><p>La mesa ser\u00e1 asignada por el<br>Restaurante y no est\u00e1 sujeta a cambios.<\/p>\t\t\t\t\t\t\t\t<\/div>\n\t\t\t\t<\/div>\n\t\t\t\t\t<\/div>\n\t\t<\/div>\n\t\t\t\t\t<\/div>\n\t\t<\/section>\n\t\t\t\t<section class=\"elementor-section elementor-top-section elementor-element elementor-element-373c35a elementor-section-boxed elementor-section-height-default elementor-section-height-default\" data-id=\"373c35a\" data-element_type=\"section\" data-e-type=\"section\">\n\t\t\t\t\t\t<div class=\"elementor-container elementor-column-gap-default\">\n\t\t\t\t\t<div class=\"elementor-column elementor-col-100 elementor-top-column elementor-element elementor-element-204b787\" data-id=\"204b787\" data-element_type=\"column\" data-e-type=\"column\">\n\t\t\t<div class=\"elementor-widget-wrap elementor-element-populated\">\n\t\t\t\t\t\t<div class=\"elementor-element elementor-element-b997203 elementor-widget elementor-widget-spacer\" data-id=\"b997203\" data-element_type=\"widget\" data-e-type=\"widget\" data-widget_type=\"spacer.default\">\n\t\t\t\t<div class=\"elementor-widget-container\">\n\t\t\t\t\t\t\t<div class=\"elementor-spacer\">\n\t\t\t<div class=\"elementor-spacer-inner\"><\/div>\n\t\t<\/div>\n\t\t\t\t\t\t<\/div>\n\t\t\t\t<\/div>\n\t\t\t\t\t<\/div>\n\t\t<\/div>\n\t\t\t\t\t<\/div>\n\t\t<\/section>\n\t\t\t\t<section class=\"elementor-section elementor-top-section elementor-element elementor-element-ffb5ab7 elementor-section-boxed elementor-section-height-default elementor-section-height-default\" data-id=\"ffb5ab7\" data-element_type=\"section\" data-e-type=\"section\">\n\t\t\t\t\t\t<div class=\"elementor-container elementor-column-gap-default\">\n\t\t\t\t\t<div class=\"elementor-column elementor-col-100 elementor-top-column elementor-element elementor-element-3d15b92\" data-id=\"3d15b92\" data-element_type=\"column\" data-e-type=\"column\">\n\t\t\t<div class=\"elementor-widget-wrap elementor-element-populated\">\n\t\t\t\t\t\t<div class=\"elementor-element elementor-element-76a73ef elementor-widget elementor-widget-text-editor\" data-id=\"76a73ef\" data-element_type=\"widget\" data-e-type=\"widget\" data-widget_type=\"text-editor.default\">\n\t\t\t\t<div class=\"elementor-widget-container\">\n\t\t\t\t\t\t\t\t\t<p style=\"text-align: center;\"><span style=\"color: #ffffff;\">Con previa reservaci\u00f3n de 24 horas o pregunta por disponibilidad con el capitan.<\/span><\/p><p style=\"text-align: center;\"><span style=\"color: #ffffff;\">Cambio de d\u00f3lar a $15.00 MXN<\/span><\/p><p style=\"text-align: center;\"><span style=\"color: #ffffff;\">Consulta t\u00e9rminos y restricciones a la hora de reservar.<\/span><\/p>\t\t\t\t\t\t\t\t<\/div>\n\t\t\t\t<\/div>\n\t\t\t\t\t<\/div>\n\t\t<\/div>\n\t\t\t\t\t<\/div>\n\t\t<\/section>\n\t\t\t\t<section class=\"elementor-section elementor-top-section elementor-element elementor-element-423a533 elementor-section-boxed elementor-section-height-default elementor-section-height-default\" data-id=\"423a533\" data-element_type=\"section\" data-e-type=\"section\">\n\t\t\t\t\t\t<div class=\"elementor-container elementor-column-gap-default\">\n\t\t\t\t\t<div class=\"elementor-column elementor-col-100 elementor-top-column elementor-element elementor-element-37bf0bd\" data-id=\"37bf0bd\" data-element_type=\"column\" data-e-type=\"column\">\n\t\t\t<div class=\"elementor-widget-wrap elementor-element-populated\">\n\t\t\t\t\t\t<div class=\"elementor-element elementor-element-4b3b8a1 elementor-widget elementor-widget-spacer\" data-id=\"4b3b8a1\" data-element_type=\"widget\" data-e-type=\"widget\" data-widget_type=\"spacer.default\">\n\t\t\t\t<div class=\"elementor-widget-container\">\n\t\t\t\t\t\t\t<div class=\"elementor-spacer\">\n\t\t\t<div class=\"elementor-spacer-inner\"><\/div>\n\t\t<\/div>\n\t\t\t\t\t\t<\/div>\n\t\t\t\t<\/div>\n\t\t\t\t\t<\/div>\n\t\t<\/div>\n\t\t\t\t\t<\/div>\n\t\t<\/section>\n\t\t\t\t<section class=\"elementor-section elementor-top-section elementor-element elementor-element-74ed62f elementor-section-boxed elementor-section-height-default elementor-section-height-default\" data-id=\"74ed62f\" data-element_type=\"section\" data-e-type=\"section\">\n\t\t\t\t\t\t<div class=\"elementor-container elementor-column-gap-default\">\n\t\t\t\t\t<div class=\"elementor-column elementor-col-100 elementor-top-column elementor-element elementor-element-39c2610\" data-id=\"39c2610\" data-element_type=\"column\" data-e-type=\"column\">\n\t\t\t<div class=\"elementor-widget-wrap elementor-element-populated\">\n\t\t\t\t\t\t<div class=\"elementor-element elementor-element-f68f059 elementor-align-center elementor-widget elementor-widget-button\" data-id=\"f68f059\" data-element_type=\"widget\" data-e-type=\"widget\" data-widget_type=\"button.default\">\n\t\t\t\t<div class=\"elementor-widget-container\">\n\t\t\t\t\t\t\t\t\t<div class=\"elementor-button-wrapper\">\n\t\t\t\t\t<a class=\"elementor-button elementor-button-link elementor-size-sm\" href=\"https:\/\/lalecherestaurant.com\/qr\/\">\n\t\t\t\t\t\t<span class=\"elementor-button-content-wrapper\">\n\t\t\t\t\t\t<span class=\"elementor-button-icon\">\n\t\t\t\t<i aria-hidden=\"true\" class=\"far fa-arrow-alt-circle-left\"><\/i>\t\t\t<\/span>\n\t\t\t\t\t\t\t\t\t<span class=\"elementor-button-text\">Regresar<\/span>\n\t\t\t\t\t<\/span>\n\t\t\t\t\t<\/a>\n\t\t\t\t<\/div>\n\t\t\t\t\t\t\t\t<\/div>\n\t\t\t\t<\/div>\n\t\t\t\t\t<\/div>\n\t\t<\/div>\n\t\t\t\t\t<\/div>\n\t\t<\/section>\n\t\t\t\t<section class=\"elementor-section elementor-top-section elementor-element elementor-element-f79f07b elementor-section-boxed elementor-section-height-default elementor-section-height-default\" data-id=\"f79f07b\" data-element_type=\"section\" data-e-type=\"section\">\n\t\t\t\t\t\t<div class=\"elementor-container elementor-column-gap-default\">\n\t\t\t\t\t<div class=\"elementor-column elementor-col-100 elementor-top-column elementor-element elementor-element-ebcb79a\" data-id=\"ebcb79a\" data-element_type=\"column\" data-e-type=\"column\">\n\t\t\t<div class=\"elementor-widget-wrap elementor-element-populated\">\n\t\t\t\t\t\t<div class=\"elementor-element elementor-element-2f0687e elementor-widget elementor-widget-spacer\" data-id=\"2f0687e\" data-element_type=\"widget\" data-e-type=\"widget\" data-widget_type=\"spacer.default\">\n\t\t\t\t<div class=\"elementor-widget-container\">\n\t\t\t\t\t\t\t<div class=\"elementor-spacer\">\n\t\t\t<div class=\"elementor-spacer-inner\"><\/div>\n\t\t<\/div>\n\t\t\t\t\t\t<\/div>\n\t\t\t\t<\/div>\n\t\t\t\t\t<\/div>\n\t\t<\/div>\n\t\t\t\t\t<\/div>\n\t\t<\/section>\n\t\t\t\t<\/div>\n\t\t","protected":false},"excerpt":{"rendered":"<p>MEN\u00da DESPEDIDAS DE SOLTERAS SINGLE LADIES ONE SINGLE LADIES TWO SINGLE LADIES ONE PARA EMPEZAR\u2026TODAY SALAD(Lechuga hidrop\u00f3nica (100 gr) +vinagreta de mango+ espinacas+fresa + nuez caramelo+ capri)SOPA DE NADA\u2026 TACITA(Sopa de vegetales (40 ml) cocinadosal vino blanco + aceite de chiles) PLATO FUERTE\u2026LA PESQUERIA(Pescado fresco (180 gr.)cocinado en mantequilla +ch\u00edcharo chino + lim\u00f3n asado)OFETUCCINI &amp;&hellip; <a class=\"more-link\" href=\"https:\/\/lalecherestaurant.com\/qr\/menu-solteros\/\">Seguir leyendo <span class=\"screen-reader-text\">Men\u00fa Solteros<\/span><\/a><\/p>\n","protected":false},"author":1,"featured_media":0,"parent":0,"menu_order":0,"comment_status":"closed","ping_status":"closed","template":"elementor_canvas","meta":{"_acf_changed":false,"footnotes":""},"class_list":["post-2261","page","type-page","status-publish","hentry","entry"],"acf":[],"_links":{"self":[{"href":"https:\/\/lalecherestaurant.com\/qr\/wp-json\/wp\/v2\/pages\/2261","targetHints":{"allow":["GET"]}}],"collection":[{"href":"https:\/\/lalecherestaurant.com\/qr\/wp-json\/wp\/v2\/pages"}],"about":[{"href":"https:\/\/lalecherestaurant.com\/qr\/wp-json\/wp\/v2\/types\/page"}],"author":[{"embeddable":true,"href":"https:\/\/lalecherestaurant.com\/qr\/wp-json\/wp\/v2\/users\/1"}],"replies":[{"embeddable":true,"href":"https:\/\/lalecherestaurant.com\/qr\/wp-json\/wp\/v2\/comments?post=2261"}],"version-history":[{"count":61,"href":"https:\/\/lalecherestaurant.com\/qr\/wp-json\/wp\/v2\/pages\/2261\/revisions"}],"predecessor-version":[{"id":2636,"href":"https:\/\/lalecherestaurant.com\/qr\/wp-json\/wp\/v2\/pages\/2261\/revisions\/2636"}],"wp:attachment":[{"href":"https:\/\/lalecherestaurant.com\/qr\/wp-json\/wp\/v2\/media?parent=2261"}],"curies":[{"name":"wp","href":"https:\/\/api.w.org\/{rel}","templated":true}]}}