{"id":2309,"date":"2023-08-28T23:13:09","date_gmt":"2023-08-28T23:13:09","guid":{"rendered":"https:\/\/lalecherestaurant.com\/qr\/?page_id=2309"},"modified":"2023-08-28T23:21:31","modified_gmt":"2023-08-28T23:21:31","slug":"acerca-de","status":"publish","type":"page","link":"https:\/\/lalecherestaurant.com\/qr\/acerca-de\/","title":{"rendered":"Acerca de"},"content":{"rendered":"\t\t<div data-elementor-type=\"wp-page\" data-elementor-id=\"2309\" class=\"elementor elementor-2309\" data-elementor-post-type=\"page\">\n\t\t\t\t\t\t<section class=\"elementor-section elementor-top-section elementor-element elementor-element-252de92 elementor-section-boxed elementor-section-height-default elementor-section-height-default\" data-id=\"252de92\" data-element_type=\"section\" data-e-type=\"section\">\n\t\t\t\t\t\t<div class=\"elementor-container elementor-column-gap-default\">\n\t\t\t\t\t<div class=\"elementor-column elementor-col-50 elementor-top-column elementor-element elementor-element-96d80e8\" data-id=\"96d80e8\" data-element_type=\"column\" data-e-type=\"column\">\n\t\t\t<div class=\"elementor-widget-wrap elementor-element-populated\">\n\t\t\t\t\t\t<div class=\"elementor-element elementor-element-77f5842 elementor-widget elementor-widget-image\" data-id=\"77f5842\" data-element_type=\"widget\" data-e-type=\"widget\" data-widget_type=\"image.default\">\n\t\t\t\t<div class=\"elementor-widget-container\">\n\t\t\t\t\t\t\t\t\t\t\t\t\t\t\t<img fetchpriority=\"high\" decoding=\"async\" width=\"750\" height=\"422\" src=\"https:\/\/lalecherestaurant.com\/qr\/wp-content\/uploads\/2023\/02\/slide-la-leche-01-1024x576.jpg\" class=\"attachment-large size-large wp-image-1798\" alt=\"\" srcset=\"https:\/\/lalecherestaurant.com\/qr\/wp-content\/uploads\/2023\/02\/slide-la-leche-01-1024x576.jpg 1024w, https:\/\/lalecherestaurant.com\/qr\/wp-content\/uploads\/2023\/02\/slide-la-leche-01-300x169.jpg 300w, https:\/\/lalecherestaurant.com\/qr\/wp-content\/uploads\/2023\/02\/slide-la-leche-01-768x432.jpg 768w, https:\/\/lalecherestaurant.com\/qr\/wp-content\/uploads\/2023\/02\/slide-la-leche-01-1536x864.jpg 1536w, https:\/\/lalecherestaurant.com\/qr\/wp-content\/uploads\/2023\/02\/slide-la-leche-01-1568x882.jpg 1568w, https:\/\/lalecherestaurant.com\/qr\/wp-content\/uploads\/2023\/02\/slide-la-leche-01.jpg 1920w\" sizes=\"(max-width: 750px) 100vw, 750px\" style=\"width:100%;height:56.25%;max-width:1920px\" \/>\t\t\t\t\t\t\t\t\t\t\t\t\t\t\t<\/div>\n\t\t\t\t<\/div>\n\t\t\t\t\t<\/div>\n\t\t<\/div>\n\t\t\t\t<div class=\"elementor-column elementor-col-50 elementor-top-column elementor-element elementor-element-6b357e9\" data-id=\"6b357e9\" data-element_type=\"column\" data-e-type=\"column\">\n\t\t\t<div class=\"elementor-widget-wrap elementor-element-populated\">\n\t\t\t\t\t\t<div class=\"elementor-element elementor-element-da654f8 elementor-widget elementor-widget-heading\" data-id=\"da654f8\" data-element_type=\"widget\" data-e-type=\"widget\" data-widget_type=\"heading.default\">\n\t\t\t\t<div class=\"elementor-widget-container\">\n\t\t\t\t\t<h2 class=\"elementor-heading-title elementor-size-default\">NOSOTROS.\nJUNTOS SOMOS LA LECHE<\/h2>\t\t\t\t<\/div>\n\t\t\t\t<\/div>\n\t\t\t\t<div class=\"elementor-element elementor-element-5019aaa elementor-widget elementor-widget-text-editor\" data-id=\"5019aaa\" data-element_type=\"widget\" data-e-type=\"widget\" data-widget_type=\"text-editor.default\">\n\t\t\t\t<div class=\"elementor-widget-container\">\n\t\t\t\t\t\t\t\t\t<p>Nos gusta reinterpretar la tradici\u00f3n culinaria de forma irreverente, aprovechando al m\u00e1ximo los productos locales para reinventar el men\u00fa, haciendo de La Leche un divertido, delicioso y extraordinario espacio para convivir.<br \/>Cada uno de nosotros tiene cierta esencia que hace de esta cocina algo especial y \u00fanico.<\/p><p>Nuestras bases: sorpresa, contraste, diferencia, diversi\u00f3n y exquisitez.<\/p>\t\t\t\t\t\t\t\t<\/div>\n\t\t\t\t<\/div>\n\t\t\t\t\t<\/div>\n\t\t<\/div>\n\t\t\t\t\t<\/div>\n\t\t<\/section>\n\t\t\t\t<section class=\"elementor-section elementor-top-section elementor-element elementor-element-e5162fe elementor-section-boxed elementor-section-height-default elementor-section-height-default\" data-id=\"e5162fe\" data-element_type=\"section\" data-e-type=\"section\">\n\t\t\t\t\t\t<div class=\"elementor-container elementor-column-gap-default\">\n\t\t\t\t\t<div class=\"elementor-column elementor-col-100 elementor-top-column elementor-element elementor-element-b6787c3\" data-id=\"b6787c3\" data-element_type=\"column\" data-e-type=\"column\">\n\t\t\t<div class=\"elementor-widget-wrap elementor-element-populated\">\n\t\t\t\t\t\t<div class=\"elementor-element elementor-element-772bd71 elementor-align-center elementor-widget elementor-widget-button\" data-id=\"772bd71\" data-element_type=\"widget\" data-e-type=\"widget\" data-widget_type=\"button.default\">\n\t\t\t\t<div class=\"elementor-widget-container\">\n\t\t\t\t\t\t\t\t\t<div class=\"elementor-button-wrapper\">\n\t\t\t\t\t<a class=\"elementor-button elementor-button-link elementor-size-sm\" href=\"https:\/\/lalecherestaurant.com\/qr\/\">\n\t\t\t\t\t\t<span class=\"elementor-button-content-wrapper\">\n\t\t\t\t\t\t<span class=\"elementor-button-icon\">\n\t\t\t\t<i aria-hidden=\"true\" class=\"far fa-arrow-alt-circle-left\"><\/i>\t\t\t<\/span>\n\t\t\t\t\t\t\t\t\t<span class=\"elementor-button-text\">Regresar<\/span>\n\t\t\t\t\t<\/span>\n\t\t\t\t\t<\/a>\n\t\t\t\t<\/div>\n\t\t\t\t\t\t\t\t<\/div>\n\t\t\t\t<\/div>\n\t\t\t\t\t<\/div>\n\t\t<\/div>\n\t\t\t\t\t<\/div>\n\t\t<\/section>\n\t\t\t\t<\/div>\n\t\t","protected":false},"excerpt":{"rendered":"<p>NOSOTROS. JUNTOS SOMOS LA LECHE Nos gusta reinterpretar la tradici\u00f3n culinaria de forma irreverente, aprovechando al m\u00e1ximo los productos locales para reinventar el men\u00fa, haciendo de La Leche un divertido, delicioso y extraordinario espacio para convivir.Cada uno de nosotros tiene cierta esencia que hace de esta cocina algo especial y \u00fanico. Nuestras bases: sorpresa, contraste,&hellip; <a class=\"more-link\" href=\"https:\/\/lalecherestaurant.com\/qr\/acerca-de\/\">Seguir leyendo <span class=\"screen-reader-text\">Acerca de<\/span><\/a><\/p>\n","protected":false},"author":1,"featured_media":0,"parent":0,"menu_order":0,"comment_status":"closed","ping_status":"closed","template":"elementor_canvas","meta":{"_acf_changed":false,"footnotes":""},"class_list":["post-2309","page","type-page","status-publish","hentry","entry"],"acf":[],"_links":{"self":[{"href":"https:\/\/lalecherestaurant.com\/qr\/wp-json\/wp\/v2\/pages\/2309","targetHints":{"allow":["GET"]}}],"collection":[{"href":"https:\/\/lalecherestaurant.com\/qr\/wp-json\/wp\/v2\/pages"}],"about":[{"href":"https:\/\/lalecherestaurant.com\/qr\/wp-json\/wp\/v2\/types\/page"}],"author":[{"embeddable":true,"href":"https:\/\/lalecherestaurant.com\/qr\/wp-json\/wp\/v2\/users\/1"}],"replies":[{"embeddable":true,"href":"https:\/\/lalecherestaurant.com\/qr\/wp-json\/wp\/v2\/comments?post=2309"}],"version-history":[{"count":10,"href":"https:\/\/lalecherestaurant.com\/qr\/wp-json\/wp\/v2\/pages\/2309\/revisions"}],"predecessor-version":[{"id":2320,"href":"https:\/\/lalecherestaurant.com\/qr\/wp-json\/wp\/v2\/pages\/2309\/revisions\/2320"}],"wp:attachment":[{"href":"https:\/\/lalecherestaurant.com\/qr\/wp-json\/wp\/v2\/media?parent=2309"}],"curies":[{"name":"wp","href":"https:\/\/api.w.org\/{rel}","templated":true}]}}